{"id":57,"date":"2021-05-29T19:32:42","date_gmt":"2021-05-29T19:32:42","guid":{"rendered":"https:\/\/ressursipank.ee\/~renat\/arenguredel\/?page_id=57"},"modified":"2021-06-09T09:12:08","modified_gmt":"2021-06-09T09:12:08","slug":"colibri-wp","status":"publish","type":"page","link":"https:\/\/arenguredel.ressursipank.ee\/","title":{"rendered":"Front Page"},"content":{"rendered":"\n<div class=\"wp-block-group alignwide\"><div class=\"wp-block-group__inner-container is-layout-flow wp-block-group-is-layout-flow\">\n<div class=\"wp-block-group\"><div class=\"wp-block-group__inner-container is-layout-flow wp-block-group-is-layout-flow\">\n<div class=\"wp-block-image\" style=\"text-align:center;\"><figure class=\"aligncenter size-large is-resized\"><img loading=\"lazy\" decoding=\"async\" src=\"https:\/\/arenguredel.ressursipank.ee\/wp-content\/uploads\/2021\/05\/logodVirt.png\" alt=\"\" class=\"wp-image-196\" width=\"277\" height=\"373\" srcset=\"https:\/\/arenguredel.ressursipank.ee\/wp-content\/uploads\/2021\/05\/logodVirt.png 382w, https:\/\/arenguredel.ressursipank.ee\/wp-content\/uploads\/2021\/05\/logodVirt-223x300.png 223w\" sizes=\"auto, (max-width: 277px) 100vw, 277px\" \/><\/figure><\/div>\n<\/div><\/div>\n<\/div><\/div>\n\n\n\n<p class=\"has-text-align-center\"><em>Tegevusi rahastatakse haridus- ja teadusministri kinnitatud ning Haridus- ja<br>Noorteameti poolt elluviidava Euroopa Sotsiaalfondist kaasrahastatud programmi \u201eT\u00f5rjutusriskis noorte<br>kaasamine ja noorte t\u00f6\u00f6h\u00f5ivevalmiduse parandamine\u201c raames.<\/em><\/p>\n","protected":false},"excerpt":{"rendered":"<p>Tegevusi rahastatakse haridus- ja teadusministri kinnitatud ning Haridus- jaNoorteameti poolt elluviidava Euroopa Sotsiaalfondist kaasrahastatud programmi \u201eT\u00f5rjutusriskis noortekaasamine ja noorte t\u00f6\u00f6h\u00f5ivevalmiduse parandamine\u201c raames.<\/p>\n","protected":false},"author":1,"featured_media":0,"parent":0,"menu_order":0,"comment_status":"closed","ping_status":"closed","template":"","meta":{"footnotes":""},"class_list":["post-57","page","type-page","status-publish","hentry"],"_links":{"self":[{"href":"https:\/\/arenguredel.ressursipank.ee\/index.php?rest_route=\/wp\/v2\/pages\/57","targetHints":{"allow":["GET"]}}],"collection":[{"href":"https:\/\/arenguredel.ressursipank.ee\/index.php?rest_route=\/wp\/v2\/pages"}],"about":[{"href":"https:\/\/arenguredel.ressursipank.ee\/index.php?rest_route=\/wp\/v2\/types\/page"}],"author":[{"embeddable":true,"href":"https:\/\/arenguredel.ressursipank.ee\/index.php?rest_route=\/wp\/v2\/users\/1"}],"replies":[{"embeddable":true,"href":"https:\/\/arenguredel.ressursipank.ee\/index.php?rest_route=%2Fwp%2Fv2%2Fcomments&post=57"}],"version-history":[{"count":25,"href":"https:\/\/arenguredel.ressursipank.ee\/index.php?rest_route=\/wp\/v2\/pages\/57\/revisions"}],"predecessor-version":[{"id":325,"href":"https:\/\/arenguredel.ressursipank.ee\/index.php?rest_route=\/wp\/v2\/pages\/57\/revisions\/325"}],"wp:attachment":[{"href":"https:\/\/arenguredel.ressursipank.ee\/index.php?rest_route=%2Fwp%2Fv2%2Fmedia&parent=57"}],"curies":[{"name":"wp","href":"https:\/\/api.w.org\/{rel}","templated":true}]}}