{"id":140,"date":"2021-05-29T19:53:37","date_gmt":"2021-05-29T19:53:37","guid":{"rendered":"https:\/\/ressursipank.ee\/~renat\/arenguredel\/?page_id=140"},"modified":"2021-06-09T08:04:47","modified_gmt":"2021-06-09T08:04:47","slug":"noorsootootaja-ekspert","status":"publish","type":"page","link":"https:\/\/arenguredel.ressursipank.ee\/?page_id=140","title":{"rendered":"Noorsoot\u00f6\u00f6taja Ekspert"},"content":{"rendered":"\n<p class=\"has-normal-font-size\">Siin astmel on noorsoot\u00f6\u00f6taja, kellel on noorsoot\u00f6\u00f6 erialane magistrikraad v\u00f5i t\u00f6\u00f6 k\u00e4igus<br>omandatud kutseoskused. Ekspert noorsoot\u00f6\u00f6taja tegutseb kiirelt, paindlikult ja sujuvalt. Ta<br>suudab tajuda ja hinnata situatsioone intuitiivselt ja teha \u00f5igeid otsuseid ja rakendada sobivaid<br>meetodeid ilma pikema anal\u00fc\u00fcsita ja arutluseta. Ta on noortevaldkonna trendide teadja, looja ja<br>noortepoliitika kujundaja. Juhendab teisi noorsoot\u00f6\u00f6tajaid ja on mentoriks teistele<br>noortevaldkonna spetsialistidele.<br>Kasutab oma t\u00f6\u00f6s eesti keelt tasemel C1 ning v\u00e4hemalt \u00fchte v\u00f5\u00f5rkeelt tasemel B1.<\/p>\n\n\n\n<div class=\"wp-block-pb-accordion-item c-accordion__item js-accordion-item no-js\" data-initially-open=\"false\" data-click-to-close=\"true\" data-auto-close=\"true\" data-scroll=\"false\" data-scroll-offset=\"0\"><h5 id=\"at-1400\" class=\"c-accordion__title js-accordion-controller\" role=\"button\">1) Kutsealase fookuse seadmine<\/h5><div id=\"ac-1400\" class=\"c-accordion__content\">\n<p>\u25cf Juhin ja arendan oma organisatsiooni ja noortevaldkonda kohalikul, maakondlikul,<br>riiklikul v\u00f5i rahvusvahelisel tasandil;<br>\u25cf Juhendan noorsoot\u00f6\u00f6tajaid, vabatahtlikke, praktikante;<br>\u25cf Sean eesm\u00e4rgid j\u00e4rjepidevaks enesearenguks ja professionaalse taseme hoidmiseks;<br>\u25cf Spetsialiseerun valdkonna siseselt.<\/p>\n<\/div><\/div>\n\n\n\n<div class=\"wp-block-pb-accordion-item c-accordion__item js-accordion-item no-js\" data-initially-open=\"false\" data-click-to-close=\"true\" data-auto-close=\"true\" data-scroll=\"false\" data-scroll-offset=\"0\"><h5 id=\"at-1401\" class=\"c-accordion__title js-accordion-controller\" role=\"button\">2) Mitmekesiste to\u0308o\u0308u\u0308lesannete t\u00e4itmine<\/h5><div id=\"ac-1401\" class=\"c-accordion__content\">\n<p>\u25cf Loon tingimused ja v\u00f5imalused, et arendada ning korraldada noortevaldkonda<br>riiklikul, kohalikul v\u00f5i v\u00f5imalusel rahvusvahelisel tasandil;<br>\u25cf Loon uusi koost\u00f6\u00f6vorme valdkonna siseselt ja koost\u00f6\u00f6s sidus valdkondadega;<br>\u25cf Juhendan teisi noorsoot\u00f6\u00f6tajaid, vabatahtlikke, praktikante, \u00fcli\u00f5pilasi;<br>\u25cf Juhin noorsoot\u00f6\u00f6 asutusi, organisatsioone v\u00f5i koost\u00f6\u00f6- v\u00f5i erialav\u00f5rgustikke.<br>\u25cf Tunnen ning loon noorsoot\u00f6\u00f6 valdkonda reguleerivaid \u00f5igusakte (strateegiaid) ning<br>oskan neid oma t\u00f6\u00f6s kasutada;<br>\u25cf Planeerin ja viin l\u00e4bi regulaarselt avalikke esinemisi ja meediakajastusi, avaldan<br>arvamusartikleid ja viin l\u00e4bi avalikkuse teavitamist;<br>\u25cf Viin regulaarselt l\u00e4bi v\u00f5i koordineerin noorsoot\u00f6\u00f6 valdkonna hindamisi- tegevuskava,<br>kvaliteet, seire jms;<br>\u25cf Hoian end kursis teadmisp\u00f5histe arengutega, v\u00e4rskete uurimustega.<\/p>\n<\/div><\/div>\n\n\n\n<div class=\"wp-block-pb-accordion-item c-accordion__item js-accordion-item no-js\" data-initially-open=\"false\" data-click-to-close=\"true\" data-auto-close=\"true\" data-scroll=\"false\" data-scroll-offset=\"0\"><h5 id=\"at-1402\" class=\"c-accordion__title js-accordion-controller\" role=\"button\">3) Mitteformaalses \u00f5ppes kogetu ja saavutatu m\u00f5testamine<\/h5><div id=\"ac-1402\" class=\"c-accordion__content\">\n<p>\u25cf Mina \u00f5ppijana ja juhendajana;<br>\u25cf Loon uusi paradigmasid noorsoot\u00f6\u00f6s.<\/p>\n<\/div><\/div>\n\n\n\n<div class=\"wp-block-pb-accordion-item c-accordion__item js-accordion-item no-js\" data-initially-open=\"false\" data-click-to-close=\"true\" data-auto-close=\"true\" data-scroll=\"false\" data-scroll-offset=\"0\"><h5 id=\"at-1403\" class=\"c-accordion__title js-accordion-controller\" role=\"button\">4) Oma n\u00f5rkuste ja tugevuste hindamine ning arendamine:<\/h5><div id=\"ac-1403\" class=\"c-accordion__content\">\n<p>\u25cf Kriitiline refleksioon;<br>\u25cf Osalen oma arenguvajadustest ja t\u00f6\u00f6 spetsiifikaga seotud t\u00e4iendkoolitustel.<\/p>\n<\/div><\/div>\n","protected":false},"excerpt":{"rendered":"<p>Siin astmel on noorsoot\u00f6\u00f6taja, kellel on noorsoot\u00f6\u00f6 erialane magistrikraad v\u00f5i t\u00f6\u00f6 k\u00e4igusomandatud kutseoskused. Ekspert noorsoot\u00f6\u00f6taja tegutseb kiirelt, paindlikult ja sujuvalt. Tasuudab tajuda ja hinnata situatsioone<\/p>\n<div class=\"btn btn-light btn-arrow\"><a href=\"https:\/\/arenguredel.ressursipank.ee\/?page_id=140\" rel=\"nofollow\" title=\"Read More\">Read More<\/a><\/div>\n","protected":false},"author":1,"featured_media":0,"parent":0,"menu_order":0,"comment_status":"closed","ping_status":"closed","template":"","meta":{"footnotes":""},"class_list":["post-140","page","type-page","status-publish","hentry"],"_links":{"self":[{"href":"https:\/\/arenguredel.ressursipank.ee\/index.php?rest_route=\/wp\/v2\/pages\/140","targetHints":{"allow":["GET"]}}],"collection":[{"href":"https:\/\/arenguredel.ressursipank.ee\/index.php?rest_route=\/wp\/v2\/pages"}],"about":[{"href":"https:\/\/arenguredel.ressursipank.ee\/index.php?rest_route=\/wp\/v2\/types\/page"}],"author":[{"embeddable":true,"href":"https:\/\/arenguredel.ressursipank.ee\/index.php?rest_route=\/wp\/v2\/users\/1"}],"replies":[{"embeddable":true,"href":"https:\/\/arenguredel.ressursipank.ee\/index.php?rest_route=%2Fwp%2Fv2%2Fcomments&post=140"}],"version-history":[{"count":4,"href":"https:\/\/arenguredel.ressursipank.ee\/index.php?rest_route=\/wp\/v2\/pages\/140\/revisions"}],"predecessor-version":[{"id":299,"href":"https:\/\/arenguredel.ressursipank.ee\/index.php?rest_route=\/wp\/v2\/pages\/140\/revisions\/299"}],"wp:attachment":[{"href":"https:\/\/arenguredel.ressursipank.ee\/index.php?rest_route=%2Fwp%2Fv2%2Fmedia&parent=140"}],"curies":[{"name":"wp","href":"https:\/\/api.w.org\/{rel}","templated":true}]}}