{"id":139,"date":"2021-05-29T19:53:37","date_gmt":"2021-05-29T19:53:37","guid":{"rendered":"https:\/\/ressursipank.ee\/~renat\/arenguredel\/?page_id=139"},"modified":"2021-06-09T08:05:06","modified_gmt":"2021-06-09T08:05:06","slug":"noorsootootaja-kompetentne","status":"publish","type":"page","link":"https:\/\/arenguredel.ressursipank.ee\/?page_id=139","title":{"rendered":"Noorsoot\u00f6\u00f6taja Kompetentne"},"content":{"rendered":"\n<p>Siin astmel on noorsoot\u00f6\u00f6taja, kellel on erialane k\u00f5rgharidus v\u00f5i t\u00f6\u00f6 k\u00e4igus omandatud<br>kutseoskused. Sellel astmel omandab noorsoot\u00f6\u00f6taja t\u00f6\u00f6ks vajalikud oskused ja teadmised kutse<br>tase 6 taotlemiseks. Noorsoot\u00f6\u00f6taja suudab seada prioriteete oma tegevuses ning teha teadlikke<br>valikuid nii eesm\u00e4rkide p\u00fcstitamisel, tegevusplaanide kavandamisel kui ka otsuste langetamisel.<br>Ta on v\u00f5imeline eristama olulist ja ebaolulist (nt millist teemat p\u00f5hjalikumalt k\u00e4sitleda).<br>Kompetentne noorsoot\u00f6\u00f6taja teab, mis on tegevuskava ja arengukava ning kuidas neid teha. Siit<br>astmelt alates v\u00f5ib olla mentoriks uuele noorsoot\u00f6\u00f6tajale.<br>Kasutab oma t\u00f6\u00f6s eesti keelt tasemel C1 ning v\u00e4hemalt \u00fchte v\u00f5\u00f5rkeelt tasemel B1.<br>Sammud, mis toetavad kogemust, koolitusvajadust ning kompetentse j\u00e4rgmisele tasemele<br>liikumiseks:<\/p>\n\n\n\n<div class=\"wp-block-pb-accordion-item c-accordion__item js-accordion-item no-js\" data-initially-open=\"false\" data-click-to-close=\"true\" data-auto-close=\"true\" data-scroll=\"false\" data-scroll-offset=\"0\"><h5 id=\"at-1390\" class=\"c-accordion__title js-accordion-controller\" role=\"button\">1) Kutsealase fookuse seadmine<\/h5><div id=\"ac-1390\" class=\"c-accordion__content\">\n<p>\u25cf Juhin ja arendan oma organisatsiooni ja noortevaldkonda kohalikul, maakondlikul v\u00f5i<br>riiklikul tasandil;<br>\u25cf Juhendan noorsoot\u00f6\u00f6tajaid, vabatahtlikke, praktikante;<br>\u25cf Sean eesm\u00e4rgid kutse tase 6 taotlemiseks;<br>\u25cf Tunnen noorsoot\u00f6\u00f6 \u00f5igusakte ja oskan neid oma t\u00f6\u00f6s kasutada.<\/p>\n<\/div><\/div>\n\n\n\n<div class=\"wp-block-pb-accordion-item c-accordion__item js-accordion-item no-js\" data-initially-open=\"false\" data-click-to-close=\"true\" data-auto-close=\"true\" data-scroll=\"false\" data-scroll-offset=\"0\"><h5 id=\"at-1391\" class=\"c-accordion__title js-accordion-controller\" role=\"button\">2) Mitmekesiste to\u0308o\u0308u\u0308lesannete t\u00e4itmine<\/h5><div id=\"ac-1391\" class=\"c-accordion__content\">\n<p>\u25cf Loon tingimused noorte omaalgatuse ja vastutuse arenguks, kaasan noori<br>tegevustesse;<br>\u25cf Korraldan ja juhin praktilist noorsoot\u00f6\u00f6d ning viin l\u00e4bi arendustegevusi kohalikul,<br>maakondlikul v\u00f5i riiklikul tasandil;<br>\u25cf Selgitan v\u00e4lja regulaarselt noorte info- ja arenguvajadused ning sellest l\u00e4htuvalt<br>planeerin tegevusi;<br>\u25cf Tunnen noorsoot\u00f6\u00f6 valdkonda reguleerivaid \u00f5igusakte ning oskan vajaduse korral<br>teha ettepanekuid muudatusteks ja anda sisendit noortepoliitika kujundamisele;<br>\u25cf Loon usaldusliku ja turvalise keskkonna noortele;<br>\u25cf Juhendan noorsoot\u00f6\u00f6tajaid, vabatahtlike, praktikante jt ning osalen v\u00f5rgustikut\u00f6\u00f6s;<br>\u25cf Teen koost\u00f6\u00f6d v\u00f5rgustikuga ja teiste huvi- ja sidusgruppidega;<br>\u25cf Kasutan erinevaid t\u00f6\u00f6keskkondi ja digivahendeid;<br>\u25cf Planeerin ja viin ellu projekte (sh koost\u00f6\u00f6projekte ja rahvusvahelisi projekte);<br>\u25cf Planeerin ja viin l\u00e4bi regulaarselt avalikke esinemisi;<br>\u25cf Teen regulaarselt meediakajastusi, avaldan arvamusartikleid, viin l\u00e4bi avalikkuse<br>teavitamist v\u00f5i annan selleks sisendi.<\/p>\n<\/div><\/div>\n\n\n\n<div class=\"wp-block-pb-accordion-item c-accordion__item js-accordion-item no-js\" data-initially-open=\"false\" data-click-to-close=\"true\" data-auto-close=\"true\" data-scroll=\"false\" data-scroll-offset=\"0\"><h5 id=\"at-1392\" class=\"c-accordion__title js-accordion-controller\" role=\"button\">3) Mitteformaalses \u00f5ppes kogetu ja saavutatu m\u00f5testamine<\/h5><div id=\"ac-1392\" class=\"c-accordion__content\">\n<p>\u25cf Koos noorte ja noorsoot\u00f6\u00f6tajatega;<br>\u25cf Eneserefleksioon;<br>\u25cf J\u00e4rjepidev enesearendamine;<br>\u25cf Teadlikult valin ja kasutan mitmekesiseid mitteformaalse \u00f5ppe meetodeid.<\/p>\n<\/div><\/div>\n\n\n\n<div class=\"wp-block-pb-accordion-item c-accordion__item js-accordion-item no-js\" data-initially-open=\"false\" data-click-to-close=\"true\" data-auto-close=\"true\" data-scroll=\"false\" data-scroll-offset=\"0\"><h5 id=\"at-1393\" class=\"c-accordion__title js-accordion-controller\" role=\"button\">4) Oma n\u00f5rkuste ja tugevuste hindamine ning arendamine<\/h5><div id=\"ac-1393\" class=\"c-accordion__content\">\n<p>\u25cf Osalen oma arenguvajadustest ja t\u00f6\u00f6 spetsiifikaga seotud t\u00e4iendkoolitustel;<br>\u25cf Olen asutuse esindajana partner v\u00e4hemalt 1-le rahvusvahelisele koost\u00f6\u00f6le.<\/p>\n<\/div><\/div>\n","protected":false},"excerpt":{"rendered":"<p>Siin astmel on noorsoot\u00f6\u00f6taja, kellel on erialane k\u00f5rgharidus v\u00f5i t\u00f6\u00f6 k\u00e4igus omandatudkutseoskused. Sellel astmel omandab noorsoot\u00f6\u00f6taja t\u00f6\u00f6ks vajalikud oskused ja teadmised kutsetase 6 taotlemiseks. Noorsoot\u00f6\u00f6taja<\/p>\n<div class=\"btn btn-light btn-arrow\"><a href=\"https:\/\/arenguredel.ressursipank.ee\/?page_id=139\" rel=\"nofollow\" title=\"Read More\">Read More<\/a><\/div>\n","protected":false},"author":1,"featured_media":0,"parent":0,"menu_order":0,"comment_status":"closed","ping_status":"closed","template":"","meta":{"footnotes":""},"class_list":["post-139","page","type-page","status-publish","hentry"],"_links":{"self":[{"href":"https:\/\/arenguredel.ressursipank.ee\/index.php?rest_route=\/wp\/v2\/pages\/139","targetHints":{"allow":["GET"]}}],"collection":[{"href":"https:\/\/arenguredel.ressursipank.ee\/index.php?rest_route=\/wp\/v2\/pages"}],"about":[{"href":"https:\/\/arenguredel.ressursipank.ee\/index.php?rest_route=\/wp\/v2\/types\/page"}],"author":[{"embeddable":true,"href":"https:\/\/arenguredel.ressursipank.ee\/index.php?rest_route=\/wp\/v2\/users\/1"}],"replies":[{"embeddable":true,"href":"https:\/\/arenguredel.ressursipank.ee\/index.php?rest_route=%2Fwp%2Fv2%2Fcomments&post=139"}],"version-history":[{"count":4,"href":"https:\/\/arenguredel.ressursipank.ee\/index.php?rest_route=\/wp\/v2\/pages\/139\/revisions"}],"predecessor-version":[{"id":301,"href":"https:\/\/arenguredel.ressursipank.ee\/index.php?rest_route=\/wp\/v2\/pages\/139\/revisions\/301"}],"wp:attachment":[{"href":"https:\/\/arenguredel.ressursipank.ee\/index.php?rest_route=%2Fwp%2Fv2%2Fmedia&parent=139"}],"curies":[{"name":"wp","href":"https:\/\/api.w.org\/{rel}","templated":true}]}}